{"id":244709,"date":"2022-08-15T10:16:46","date_gmt":"2022-08-15T10:16:46","guid":{"rendered":"https:\/\/allobroges.com\/house-rules\/"},"modified":"2023-02-14T15:41:41","modified_gmt":"2023-02-14T15:41:41","slug":"house-rules","status":"publish","type":"page","link":"https:\/\/allobroges.com\/en\/house-rules\/","title":{"rendered":"House Rules"},"content":{"rendered":"<p>[et_pb_section fb_built=&#8221;1&#8243; admin_label=&#8221;Header&#8221; _builder_version=&#8221;4.17.0&#8243; _module_preset=&#8221;default&#8221; background_color=&#8221;#EFE34C&#8221; background_enable_image=&#8221;off&#8221; custom_padding=&#8221;0vw|0px|0|0px|false|false&#8221; global_colors_info=&#8221;{}&#8221;][et_pb_row _builder_version=&#8221;4.16&#8243; _module_preset=&#8221;default&#8221; global_colors_info=&#8221;{}&#8221;][et_pb_column type=&#8221;4_4&#8243; _builder_version=&#8221;4.16&#8243; _module_preset=&#8221;default&#8221; custom_padding=&#8221;|||&#8221; global_colors_info=&#8221;{}&#8221; custom_padding__hover=&#8221;|||&#8221;][et_pb_text _builder_version=&#8221;4.17.0&#8243; _module_preset=&#8221;default&#8221; text_font=&#8221;||||||||&#8221; header_font=&#8221;Raleway|700|||||||&#8221; header_font_size=&#8221;65px&#8221; header_line_height=&#8221;1.2em&#8221; header_5_font=&#8221;Raleway|700||on|||||&#8221; header_5_text_color=&#8221;#000000&#8243; header_5_font_size=&#8221;20px&#8221; header_5_letter_spacing=&#8221;0.5em&#8221; header_5_line_height=&#8221;1.8em&#8221; custom_padding=&#8221;50px||20px|||&#8221; animation_style=&#8221;zoom&#8221; animation_intensity_zoom=&#8221;5%&#8221; hover_enabled=&#8221;0&#8243; header_font_size_tablet=&#8221;48px&#8221; header_font_size_phone=&#8221;32px&#8221; header_font_size_last_edited=&#8221;on|phone&#8221; header_5_font_size_tablet=&#8221;14px&#8221; header_5_font_size_phone=&#8221;12px&#8221; header_5_font_size_last_edited=&#8221;on|desktop&#8221; global_colors_info=&#8221;{}&#8221; sticky_enabled=&#8221;0&#8243;]<\/p>\n<h5>Allobroges Park H\u00f4tel<\/h5>\n<h1>House Rules<\/h1>\n<p>[\/et_pb_text][\/et_pb_column][\/et_pb_row][\/et_pb_section][et_pb_section fb_built=&#8221;1&#8243; admin_label=&#8221;Room Details&#8221; _builder_version=&#8221;4.16&#8243; _module_preset=&#8221;default&#8221; custom_padding=&#8221;4px|||||&#8221; global_colors_info=&#8221;{}&#8221;][et_pb_row _builder_version=&#8221;4.17.0&#8243; _module_preset=&#8221;default&#8221; global_colors_info=&#8221;{}&#8221;][et_pb_column type=&#8221;4_4&#8243; _builder_version=&#8221;4.17.0&#8243; _module_preset=&#8221;default&#8221; global_colors_info=&#8221;{}&#8221;][et_pb_text _builder_version=&#8221;4.17.0&#8243; _module_preset=&#8221;default&#8221; hover_enabled=&#8221;0&#8243; global_colors_info=&#8221;{}&#8221; sticky_enabled=&#8221;0&#8243;]<\/p>\n<p class=\"p1\">The hotel accepts payment only by credit cards, cash and ANCV vacation checks. Only Mastercard and Visa are accepted.<\/p>\n<p class=\"p1\">Payments made by checks and American Express are not accepted.<\/p>\n<p class=\"p1\">The hotel has 4 rooms on the 4th floor that is not accessible by the elevator.<\/p>\n<p class=\"p1\">The elevator stops on the 3rd floor so there is one floor to be climbed by foot. All the other rooms are accessible by the elevator.<span class=\"Apple-converted-space\"> <\/span><\/p>\n<p class=\"p1\">It is possible to add a baby bed with an extra charge of 10\u20ac per day (upon reservation and availability) only in the category of rooms: Classic, Privilege and Family Classic.<span class=\"Apple-converted-space\"> <\/span><\/p>\n<p class=\"p1\">No babies will be accepted in the other categories. The hotel does not allow, nor have, extra beds.<\/p>\n<p class=\"p1\">Domestic animals are not allowed in the hotel. If you decide to come to the hotel with your domestic animal, you will not be granted access to the hotel and the amount of your reservation will be charged.<\/p>\n<p class=\"p1\">The hotel has a bicycle storage room (maximum 5 bicycles) and a bicycle rack (maximum 10 bicycles) with an electrical charging station for your electrical bicycles (2 bicycles maximum).<\/p>\n<p class=\"p1\">For certain parking spots, a badge or a garage door opener is given. These must be returned at your departure. If you do not return them and in case of loss or damage 100\u20ac will be charged for the replacement.<\/p>\n<p class=\"p1\">The hotel is entirely non-smoking. However, there is a dedicated smoking space just in front of the hotel entrance. If you do decide to smoke in the room, 150\u20ac will be charged for sanitation of the room.<span class=\"Apple-converted-space\"> <\/span><\/p>\n<p class=\"p1\">It is formally forbidden to keep your bicycles in your room, as well as scooters and other types of cycles. A space is available for store them. However, if you do decide to keep one of these cycles in your room, 150\u20ac will be charged for the cleaning fees.<span class=\"Apple-converted-space\"> <\/span><\/p>\n<p class=\"p1\">All forms of deterioration of the room (vandalism, burns, theft, flooding etc\u2026) will engender fees to the amount of prejudice suffered.<\/p>\n<p class=\"p1\">The hotel reserves the right to take a credit card deposit to the amount of 200\u20ac to cover eventual extras.<\/p>\n<p>[\/et_pb_text][\/et_pb_column][\/et_pb_row][\/et_pb_section]<\/p>\n","protected":false},"excerpt":{"rendered":"<p>Allobroges Park H\u00f4tel House RulesThe hotel accepts payment only by credit cards, cash and ANCV vacation checks. Only Mastercard and Visa are accepted. Payments made by checks and American Express are not accepted. The hotel has 4 rooms on the 4th floor that is not accessible by the elevator. The elevator stops on the 3rd floor so there is one floor to be climbed by foot. All the other rooms are accessible by the elevator. It is possible to add a baby bed with an extra charge of 10\u20ac per day (upon reservation and availability) only in the category of rooms: Classic, Privilege and Family Classic. No babies will be accepted in the other categories. The hotel does not allow, nor have, extra beds. Domestic animals are not allowed in the hotel. If you decide to come to the hotel with your domestic animal, you will not be granted access to the hotel and the amount of your reservation will be charged. The hotel has a bicycle storage room (maximum 5 bicycles) and a bicycle rack (maximum 10 bicycles) with an electrical charging station for your electrical bicycles (2 bicycles maximum). For certain parking spots, a badge or a garage [&hellip;]<\/p>\n","protected":false},"author":1,"featured_media":0,"parent":0,"menu_order":0,"comment_status":"closed","ping_status":"closed","template":"","meta":{"_et_pb_use_builder":"on","_et_pb_old_content":"","_et_gb_content_width":"","footnotes":""},"class_list":["post-244709","page","type-page","status-publish","hentry"],"yoast_head":"<!-- This site is optimized with the Yoast SEO Premium plugin v21.5 (Yoast SEO v27.4) - https:\/\/yoast.com\/product\/yoast-seo-premium-wordpress\/ -->\n<title>House Rules - H\u00f4tel Allobroges \u00e0 Annecy - Votre h\u00f4tel *** au coeur d&#039;Annecy<\/title>\n<meta name=\"robots\" content=\"index, follow, max-snippet:-1, max-image-preview:large, max-video-preview:-1\" \/>\n<link rel=\"canonical\" href=\"https:\/\/allobroges.com\/en\/house-rules\/\" \/>\n<meta property=\"og:locale\" content=\"en_US\" \/>\n<meta property=\"og:type\" content=\"article\" \/>\n<meta property=\"og:title\" content=\"House Rules\" \/>\n<meta property=\"og:description\" content=\"Allobroges Park H\u00f4tel House RulesThe hotel accepts payment only by credit cards, cash and ANCV vacation checks. Only Mastercard and Visa are accepted. Payments made by checks and American Express are not accepted. The hotel has 4 rooms on the 4th floor that is not accessible by the elevator. The elevator stops on the 3rd floor so there is one floor to be climbed by foot. All the other rooms are accessible by the elevator. It is possible to add a baby bed with an extra charge of 10\u20ac per day (upon reservation and availability) only in the category of rooms: Classic, Privilege and Family Classic. No babies will be accepted in the other categories. The hotel does not allow, nor have, extra beds. Domestic animals are not allowed in the hotel. If you decide to come to the hotel with your domestic animal, you will not be granted access to the hotel and the amount of your reservation will be charged. The hotel has a bicycle storage room (maximum 5 bicycles) and a bicycle rack (maximum 10 bicycles) with an electrical charging station for your electrical bicycles (2 bicycles maximum). For certain parking spots, a badge or a garage [&hellip;]\" \/>\n<meta property=\"og:url\" content=\"https:\/\/allobroges.com\/en\/house-rules\/\" \/>\n<meta property=\"og:site_name\" content=\"H\u00f4tel Allobroges \u00e0 Annecy - Votre h\u00f4tel *** au coeur d&#039;Annecy\" \/>\n<meta property=\"article:publisher\" content=\"https:\/\/www.facebook.com\/allobrogesannecy\/\" \/>\n<meta property=\"article:modified_time\" content=\"2023-02-14T15:41:41+00:00\" \/>\n<meta name=\"twitter:card\" content=\"summary_large_image\" \/>\n<meta name=\"twitter:label1\" content=\"Est. reading time\" \/>\n\t<meta name=\"twitter:data1\" content=\"3 minutes\" \/>\n<script type=\"application\/ld+json\" class=\"yoast-schema-graph\">{\"@context\":\"https:\\\/\\\/schema.org\",\"@graph\":[{\"@type\":\"WebPage\",\"@id\":\"https:\\\/\\\/allobroges.com\\\/en\\\/house-rules\\\/\",\"url\":\"https:\\\/\\\/allobroges.com\\\/en\\\/house-rules\\\/\",\"name\":\"House Rules - H\u00f4tel Allobroges \u00e0 Annecy - Votre h\u00f4tel *** au coeur d&#039;Annecy\",\"isPartOf\":{\"@id\":\"https:\\\/\\\/allobroges.com\\\/en\\\/#website\"},\"datePublished\":\"2022-08-15T10:16:46+00:00\",\"dateModified\":\"2023-02-14T15:41:41+00:00\",\"breadcrumb\":{\"@id\":\"https:\\\/\\\/allobroges.com\\\/en\\\/house-rules\\\/#breadcrumb\"},\"inLanguage\":\"en-US\",\"potentialAction\":[{\"@type\":\"ReadAction\",\"target\":[\"https:\\\/\\\/allobroges.com\\\/en\\\/house-rules\\\/\"]}]},{\"@type\":\"BreadcrumbList\",\"@id\":\"https:\\\/\\\/allobroges.com\\\/en\\\/house-rules\\\/#breadcrumb\",\"itemListElement\":[{\"@type\":\"ListItem\",\"position\":1,\"name\":\"Accueil\",\"item\":\"https:\\\/\\\/allobroges.com\\\/en\\\/\"},{\"@type\":\"ListItem\",\"position\":2,\"name\":\"House Rules\"}]},{\"@type\":\"WebSite\",\"@id\":\"https:\\\/\\\/allobroges.com\\\/en\\\/#website\",\"url\":\"https:\\\/\\\/allobroges.com\\\/en\\\/\",\"name\":\"H\u00f4tel Allobroges \u00e0 Annecy - Votre h\u00f4tel *** au coeur d&#039;Annecy\",\"description\":\"H\u00f4tel Allobroges \u00e0 Annecy - Votre h\u00f4tel *** au coeur d&#039;Annecy\",\"publisher\":{\"@id\":\"https:\\\/\\\/allobroges.com\\\/en\\\/#organization\"},\"potentialAction\":[{\"@type\":\"SearchAction\",\"target\":{\"@type\":\"EntryPoint\",\"urlTemplate\":\"https:\\\/\\\/allobroges.com\\\/en\\\/?s={search_term_string}\"},\"query-input\":{\"@type\":\"PropertyValueSpecification\",\"valueRequired\":true,\"valueName\":\"search_term_string\"}}],\"inLanguage\":\"en-US\"},{\"@type\":\"Organization\",\"@id\":\"https:\\\/\\\/allobroges.com\\\/en\\\/#organization\",\"name\":\"H\u00f4tel Allobroges \u00e0 Annecy - Votre h\u00f4tel *** au coeur d&#039;Annecy\",\"url\":\"https:\\\/\\\/allobroges.com\\\/en\\\/\",\"logo\":{\"@type\":\"ImageObject\",\"inLanguage\":\"en-US\",\"@id\":\"https:\\\/\\\/allobroges.com\\\/en\\\/#\\\/schema\\\/logo\\\/image\\\/\",\"url\":\"https:\\\/\\\/allobroges.com\\\/wp-content\\\/uploads\\\/2022\\\/06\\\/logo-noir-2.png\",\"contentUrl\":\"https:\\\/\\\/allobroges.com\\\/wp-content\\\/uploads\\\/2022\\\/06\\\/logo-noir-2.png\",\"width\":1920,\"height\":1080,\"caption\":\"H\u00f4tel Allobroges \u00e0 Annecy - Votre h\u00f4tel *** au coeur d&#039;Annecy\"},\"image\":{\"@id\":\"https:\\\/\\\/allobroges.com\\\/en\\\/#\\\/schema\\\/logo\\\/image\\\/\"},\"sameAs\":[\"https:\\\/\\\/www.facebook.com\\\/allobrogesannecy\\\/\",\"https:\\\/\\\/www.instagram.com\\\/allobroges_park_hotel_annecy\\\/\"]}]}<\/script>\n<!-- \/ Yoast SEO Premium plugin. -->","yoast_head_json":{"title":"House Rules - H\u00f4tel Allobroges \u00e0 Annecy - Votre h\u00f4tel *** au coeur d&#039;Annecy","robots":{"index":"index","follow":"follow","max-snippet":"max-snippet:-1","max-image-preview":"max-image-preview:large","max-video-preview":"max-video-preview:-1"},"canonical":"https:\/\/allobroges.com\/en\/house-rules\/","og_locale":"en_US","og_type":"article","og_title":"House Rules","og_description":"Allobroges Park H\u00f4tel House RulesThe hotel accepts payment only by credit cards, cash and ANCV vacation checks. Only Mastercard and Visa are accepted. Payments made by checks and American Express are not accepted. The hotel has 4 rooms on the 4th floor that is not accessible by the elevator. The elevator stops on the 3rd floor so there is one floor to be climbed by foot. All the other rooms are accessible by the elevator. It is possible to add a baby bed with an extra charge of 10\u20ac per day (upon reservation and availability) only in the category of rooms: Classic, Privilege and Family Classic. No babies will be accepted in the other categories. The hotel does not allow, nor have, extra beds. Domestic animals are not allowed in the hotel. If you decide to come to the hotel with your domestic animal, you will not be granted access to the hotel and the amount of your reservation will be charged. The hotel has a bicycle storage room (maximum 5 bicycles) and a bicycle rack (maximum 10 bicycles) with an electrical charging station for your electrical bicycles (2 bicycles maximum). For certain parking spots, a badge or a garage [&hellip;]","og_url":"https:\/\/allobroges.com\/en\/house-rules\/","og_site_name":"H\u00f4tel Allobroges \u00e0 Annecy - Votre h\u00f4tel *** au coeur d&#039;Annecy","article_publisher":"https:\/\/www.facebook.com\/allobrogesannecy\/","article_modified_time":"2023-02-14T15:41:41+00:00","twitter_card":"summary_large_image","twitter_misc":{"Est. reading time":"3 minutes"},"schema":{"@context":"https:\/\/schema.org","@graph":[{"@type":"WebPage","@id":"https:\/\/allobroges.com\/en\/house-rules\/","url":"https:\/\/allobroges.com\/en\/house-rules\/","name":"House Rules - H\u00f4tel Allobroges \u00e0 Annecy - Votre h\u00f4tel *** au coeur d&#039;Annecy","isPartOf":{"@id":"https:\/\/allobroges.com\/en\/#website"},"datePublished":"2022-08-15T10:16:46+00:00","dateModified":"2023-02-14T15:41:41+00:00","breadcrumb":{"@id":"https:\/\/allobroges.com\/en\/house-rules\/#breadcrumb"},"inLanguage":"en-US","potentialAction":[{"@type":"ReadAction","target":["https:\/\/allobroges.com\/en\/house-rules\/"]}]},{"@type":"BreadcrumbList","@id":"https:\/\/allobroges.com\/en\/house-rules\/#breadcrumb","itemListElement":[{"@type":"ListItem","position":1,"name":"Accueil","item":"https:\/\/allobroges.com\/en\/"},{"@type":"ListItem","position":2,"name":"House Rules"}]},{"@type":"WebSite","@id":"https:\/\/allobroges.com\/en\/#website","url":"https:\/\/allobroges.com\/en\/","name":"H\u00f4tel Allobroges \u00e0 Annecy - Votre h\u00f4tel *** au coeur d&#039;Annecy","description":"H\u00f4tel Allobroges \u00e0 Annecy - Votre h\u00f4tel *** au coeur d&#039;Annecy","publisher":{"@id":"https:\/\/allobroges.com\/en\/#organization"},"potentialAction":[{"@type":"SearchAction","target":{"@type":"EntryPoint","urlTemplate":"https:\/\/allobroges.com\/en\/?s={search_term_string}"},"query-input":{"@type":"PropertyValueSpecification","valueRequired":true,"valueName":"search_term_string"}}],"inLanguage":"en-US"},{"@type":"Organization","@id":"https:\/\/allobroges.com\/en\/#organization","name":"H\u00f4tel Allobroges \u00e0 Annecy - Votre h\u00f4tel *** au coeur d&#039;Annecy","url":"https:\/\/allobroges.com\/en\/","logo":{"@type":"ImageObject","inLanguage":"en-US","@id":"https:\/\/allobroges.com\/en\/#\/schema\/logo\/image\/","url":"https:\/\/allobroges.com\/wp-content\/uploads\/2022\/06\/logo-noir-2.png","contentUrl":"https:\/\/allobroges.com\/wp-content\/uploads\/2022\/06\/logo-noir-2.png","width":1920,"height":1080,"caption":"H\u00f4tel Allobroges \u00e0 Annecy - Votre h\u00f4tel *** au coeur d&#039;Annecy"},"image":{"@id":"https:\/\/allobroges.com\/en\/#\/schema\/logo\/image\/"},"sameAs":["https:\/\/www.facebook.com\/allobrogesannecy\/","https:\/\/www.instagram.com\/allobroges_park_hotel_annecy\/"]}]}},"_links":{"self":[{"href":"https:\/\/allobroges.com\/en\/wp-json\/wp\/v2\/pages\/244709","targetHints":{"allow":["GET"]}}],"collection":[{"href":"https:\/\/allobroges.com\/en\/wp-json\/wp\/v2\/pages"}],"about":[{"href":"https:\/\/allobroges.com\/en\/wp-json\/wp\/v2\/types\/page"}],"author":[{"embeddable":true,"href":"https:\/\/allobroges.com\/en\/wp-json\/wp\/v2\/users\/1"}],"replies":[{"embeddable":true,"href":"https:\/\/allobroges.com\/en\/wp-json\/wp\/v2\/comments?post=244709"}],"version-history":[{"count":2,"href":"https:\/\/allobroges.com\/en\/wp-json\/wp\/v2\/pages\/244709\/revisions"}],"predecessor-version":[{"id":244711,"href":"https:\/\/allobroges.com\/en\/wp-json\/wp\/v2\/pages\/244709\/revisions\/244711"}],"wp:attachment":[{"href":"https:\/\/allobroges.com\/en\/wp-json\/wp\/v2\/media?parent=244709"}],"curies":[{"name":"wp","href":"https:\/\/api.w.org\/{rel}","templated":true}]}}